{"id":350,"date":"2024-08-29T08:58:39","date_gmt":"2024-08-29T08:58:39","guid":{"rendered":"https:\/\/mrkipling.ca\/a-propos-de-nous\/"},"modified":"2024-09-17T13:56:28","modified_gmt":"2024-09-17T13:56:28","slug":"a-propos-de-nous","status":"publish","type":"page","link":"https:\/\/mrkipling.ca\/fr\/a-propos-de-nous\/","title":{"rendered":"\u00c0 propos de nous"},"content":{"rendered":"","protected":false},"excerpt":{"rendered":"","protected":false},"author":1,"featured_media":0,"parent":0,"menu_order":0,"comment_status":"closed","ping_status":"closed","template":"","meta":{"_acf_changed":false,"inline_featured_image":false,"footnotes":""},"class_list":["post-350","page","type-page","status-publish","hentry"],"acf":[],"yoast_head":"<!-- This site is optimized with the Yoast SEO plugin v27.2 - https:\/\/yoast.com\/product\/yoast-seo-wordpress\/ -->\n<title>\u00c0 propos de nous - Mr Kipling CA<\/title>\n<meta name=\"description\" content=\"Ce sont souvent les petits d\u00e9tails qui en disent le plus long, comme un g\u00e2teau extraordinairement d\u00e9licieux de Mr Kipling.\" \/>\n<meta name=\"robots\" content=\"index, follow, max-snippet:-1, max-image-preview:large, max-video-preview:-1\" \/>\n<link rel=\"canonical\" href=\"https:\/\/mrkipling.ca\/fr\/a-propos-de-nous\/\" \/>\n<meta property=\"og:locale\" content=\"fr_FR\" \/>\n<meta property=\"og:type\" content=\"article\" \/>\n<meta property=\"og:title\" content=\"\u00c0 propos de nous - Mr Kipling CA\" \/>\n<meta property=\"og:description\" content=\"Ce sont souvent les petits d\u00e9tails qui en disent le plus long, comme un g\u00e2teau extraordinairement d\u00e9licieux de Mr Kipling.\" \/>\n<meta property=\"og:url\" content=\"https:\/\/mrkipling.ca\/fr\/a-propos-de-nous\/\" \/>\n<meta property=\"og:site_name\" content=\"Mr Kipling CA\" \/>\n<meta property=\"article:modified_time\" content=\"2024-09-17T13:56:28+00:00\" \/>\n<meta name=\"twitter:card\" content=\"summary_large_image\" \/>\n<meta name=\"twitter:label1\" content=\"Est. reading time\" \/>\n\t<meta name=\"twitter:data1\" content=\"2 minutes\" \/>\n<script type=\"application\/ld+json\" class=\"yoast-schema-graph\">{\"@context\":\"https:\/\/schema.org\",\"@graph\":[{\"@type\":\"WebPage\",\"@id\":\"https:\/\/mrkipling.ca\/fr\/a-propos-de-nous\/\",\"url\":\"https:\/\/mrkipling.ca\/fr\/a-propos-de-nous\/\",\"name\":\"\u00c0 propos de nous - Mr Kipling CA\",\"isPartOf\":{\"@id\":\"https:\/\/mrkipling.ca\/fr\/#website\"},\"datePublished\":\"2024-08-29T08:58:39+00:00\",\"dateModified\":\"2024-09-17T13:56:28+00:00\",\"description\":\"Ce sont souvent les petits d\u00e9tails qui en disent le plus long, comme un g\u00e2teau extraordinairement d\u00e9licieux de Mr Kipling.\",\"breadcrumb\":{\"@id\":\"https:\/\/mrkipling.ca\/fr\/a-propos-de-nous\/#breadcrumb\"},\"inLanguage\":\"fr-FR\",\"potentialAction\":[{\"@type\":\"ReadAction\",\"target\":[\"https:\/\/mrkipling.ca\/fr\/a-propos-de-nous\/\"]}]},{\"@type\":\"BreadcrumbList\",\"@id\":\"https:\/\/mrkipling.ca\/fr\/a-propos-de-nous\/#breadcrumb\",\"itemListElement\":[{\"@type\":\"ListItem\",\"position\":1,\"name\":\"Home\",\"item\":\"https:\/\/mrkipling.ca\/fr\/\"},{\"@type\":\"ListItem\",\"position\":2,\"name\":\"\u00c0 propos de nous\"}]},{\"@type\":\"WebSite\",\"@id\":\"https:\/\/mrkipling.ca\/fr\/#website\",\"url\":\"https:\/\/mrkipling.ca\/fr\/\",\"name\":\"Mr Kipling CA\",\"description\":\"\",\"potentialAction\":[{\"@type\":\"SearchAction\",\"target\":{\"@type\":\"EntryPoint\",\"urlTemplate\":\"https:\/\/mrkipling.ca\/fr\/?s={search_term_string}\"},\"query-input\":{\"@type\":\"PropertyValueSpecification\",\"valueRequired\":true,\"valueName\":\"search_term_string\"}}],\"inLanguage\":\"fr-FR\"}]}<\/script>\n<!-- \/ Yoast SEO plugin. -->","yoast_head_json":{"title":"\u00c0 propos de nous - Mr Kipling CA","description":"Ce sont souvent les petits d\u00e9tails qui en disent le plus long, comme un g\u00e2teau extraordinairement d\u00e9licieux de Mr Kipling.","robots":{"index":"index","follow":"follow","max-snippet":"max-snippet:-1","max-image-preview":"max-image-preview:large","max-video-preview":"max-video-preview:-1"},"canonical":"https:\/\/mrkipling.ca\/fr\/a-propos-de-nous\/","og_locale":"fr_FR","og_type":"article","og_title":"\u00c0 propos de nous - Mr Kipling CA","og_description":"Ce sont souvent les petits d\u00e9tails qui en disent le plus long, comme un g\u00e2teau extraordinairement d\u00e9licieux de Mr Kipling.","og_url":"https:\/\/mrkipling.ca\/fr\/a-propos-de-nous\/","og_site_name":"Mr Kipling CA","article_modified_time":"2024-09-17T13:56:28+00:00","twitter_card":"summary_large_image","twitter_misc":{"Est. reading time":"2 minutes"},"schema":{"@context":"https:\/\/schema.org","@graph":[{"@type":"WebPage","@id":"https:\/\/mrkipling.ca\/fr\/a-propos-de-nous\/","url":"https:\/\/mrkipling.ca\/fr\/a-propos-de-nous\/","name":"\u00c0 propos de nous - Mr Kipling CA","isPartOf":{"@id":"https:\/\/mrkipling.ca\/fr\/#website"},"datePublished":"2024-08-29T08:58:39+00:00","dateModified":"2024-09-17T13:56:28+00:00","description":"Ce sont souvent les petits d\u00e9tails qui en disent le plus long, comme un g\u00e2teau extraordinairement d\u00e9licieux de Mr Kipling.","breadcrumb":{"@id":"https:\/\/mrkipling.ca\/fr\/a-propos-de-nous\/#breadcrumb"},"inLanguage":"fr-FR","potentialAction":[{"@type":"ReadAction","target":["https:\/\/mrkipling.ca\/fr\/a-propos-de-nous\/"]}]},{"@type":"BreadcrumbList","@id":"https:\/\/mrkipling.ca\/fr\/a-propos-de-nous\/#breadcrumb","itemListElement":[{"@type":"ListItem","position":1,"name":"Home","item":"https:\/\/mrkipling.ca\/fr\/"},{"@type":"ListItem","position":2,"name":"\u00c0 propos de nous"}]},{"@type":"WebSite","@id":"https:\/\/mrkipling.ca\/fr\/#website","url":"https:\/\/mrkipling.ca\/fr\/","name":"Mr Kipling CA","description":"","potentialAction":[{"@type":"SearchAction","target":{"@type":"EntryPoint","urlTemplate":"https:\/\/mrkipling.ca\/fr\/?s={search_term_string}"},"query-input":{"@type":"PropertyValueSpecification","valueRequired":true,"valueName":"search_term_string"}}],"inLanguage":"fr-FR"}]}},"_links":{"self":[{"href":"https:\/\/mrkipling.ca\/fr\/wp-json\/wp\/v2\/pages\/350","targetHints":{"allow":["GET"]}}],"collection":[{"href":"https:\/\/mrkipling.ca\/fr\/wp-json\/wp\/v2\/pages"}],"about":[{"href":"https:\/\/mrkipling.ca\/fr\/wp-json\/wp\/v2\/types\/page"}],"author":[{"embeddable":true,"href":"https:\/\/mrkipling.ca\/fr\/wp-json\/wp\/v2\/users\/1"}],"replies":[{"embeddable":true,"href":"https:\/\/mrkipling.ca\/fr\/wp-json\/wp\/v2\/comments?post=350"}],"version-history":[{"count":0,"href":"https:\/\/mrkipling.ca\/fr\/wp-json\/wp\/v2\/pages\/350\/revisions"}],"wp:attachment":[{"href":"https:\/\/mrkipling.ca\/fr\/wp-json\/wp\/v2\/media?parent=350"}],"curies":[{"name":"wp","href":"https:\/\/api.w.org\/{rel}","templated":true}]}}